{"id":20971,"date":"2026-02-25T22:55:55","date_gmt":"2026-02-25T19:55:55","guid":{"rendered":"https:\/\/aselelaletleri.com\/?page_id=20971"},"modified":"2026-02-25T22:59:54","modified_gmt":"2026-02-25T19:59:54","slug":"iade-politikasi","status":"publish","type":"page","link":"https:\/\/aselelaletleri.com\/en\/iade-politikasi\/","title":{"rendered":"Return Policy"},"content":{"rendered":"<div data-elementor-type=\"wp-page\" data-elementor-id=\"20971\" class=\"elementor elementor-20971\" data-elementor-post-type=\"page\">\n\t\t\t\t\t\t<section class=\"elementor-section elementor-top-section elementor-element elementor-element-10a35d9 elementor-section-boxed elementor-section-height-default elementor-section-height-default sc_fly_static\" data-id=\"10a35d9\" data-element_type=\"section\" data-e-type=\"section\">\n\t\t\t\t\t\t<div class=\"elementor-container elementor-column-gap-extended\">\n\t\t\t\t\t<div class=\"elementor-column elementor-col-100 elementor-top-column elementor-element elementor-element-a2ba38e sc_content_align_inherit sc_layouts_column_icons_position_left sc_fly_static\" data-id=\"a2ba38e\" data-element_type=\"column\" data-e-type=\"column\">\n\t\t\t<div class=\"elementor-widget-wrap elementor-element-populated\">\n\t\t\t\t\t\t<div class=\"elementor-element elementor-element-9922bde sc_fly_static elementor-widget elementor-widget-text-editor\" data-id=\"9922bde\" data-element_type=\"widget\" data-e-type=\"widget\" data-widget_type=\"text-editor.default\">\n\t\t\t\t<div class=\"elementor-widget-container\">\n\t\t\t\t\t\t\t\t\t<p><strong>\u0130ADE KO\u015eULLARI<\/strong><br \/><br \/><strong>CAYMA HAKKININ S\u00dcRES\u0130:<\/strong><\/p><p>13. Al\u0131c\u0131, sat\u0131n ald\u0131\u011f\u0131 e\u011fer bir hizmet\u00a0 ise, bu 14 g\u00fcnl\u00fck s\u00fcre s\u00f6zle\u015fmenin imzaland\u0131\u011f\u0131 tarihten itibaren ba\u015flar. Cayma hakk\u0131 s\u00fcresi sona ermeden \u00f6nce, t\u00fcketicinin onay\u0131 ile hizmetin ifas\u0131na ba\u015flanan hizmet s\u00f6zle\u015fmelerinde cayma hakk\u0131 kullan\u0131lamaz.\u00a0<\/p><p>14. Cayma hakk\u0131n\u0131n kullan\u0131m\u0131ndan kaynaklanan masraflar SATICI\u2019 ya aittir.<\/p><p>15. Cayma hakk\u0131n\u0131n kullan\u0131lmas\u0131 i\u00e7in 14 (ond\u00f6rt) g\u00fcnl\u00fck s\u00fcre i\u00e7inde SATICI\u2019 ya iadeli taahh\u00fctl\u00fc posta, faks veya eposta ile yaz\u0131l\u0131 bildirimde bulunulmas\u0131 ve \u00fcr\u00fcn\u00fcn i\u015fbu s\u00f6zle\u015fmede d\u00fczenlenen \u201cCayma Hakk\u0131 Kullan\u0131lamayacak \u00dcr\u00fcnler\u201d h\u00fck\u00fcmleri \u00e7er\u00e7evesinde kullan\u0131lmam\u0131\u015f olmas\u0131 \u015fartt\u0131r.\u00a0<\/p><p><strong>CAYMA HAKKININ KULLANIMI:\u00a0<\/strong><\/p><p>16. 3. ki\u015fiye veya ALICI\u2019 ya teslim edilen \u00fcr\u00fcn\u00fcn faturas\u0131, (\u0130ade edilmek istenen \u00fcr\u00fcn\u00fcn faturas\u0131 kurumsal ise, iade ederken kurumun d\u00fczenlemi\u015f oldu\u011fu iade faturas\u0131 ile birlikte g\u00f6nderilmesi gerekmektedir. Faturas\u0131 kurumlar ad\u0131na d\u00fczenlenen sipari\u015f iadeleri \u0130ADE FATURASI kesilmedi\u011fi takdirde tamamlanamayacakt\u0131r.)<\/p><p>17. \u0130ade formu, \u0130ade edilecek \u00fcr\u00fcnlerin kutusu, ambalaj\u0131, varsa standart aksesuarlar\u0131 ile birlikte eksiksiz ve hasars\u0131z olarak teslim edilmesi gerekmektedir.<\/p><p><strong>\u0130ADE KO\u015eULLARI:<\/strong><\/p><p>18. SATICI, cayma bildiriminin kendisine ula\u015fmas\u0131ndan itibaren en ge\u00e7 10 g\u00fcnl\u00fck s\u00fcre i\u00e7erisinde toplam bedeli ve ALICI\u2019y\u0131 bor\u00e7 alt\u0131na sokan belgeleri ALICI\u2019 ya iade etmek ve 20 g\u00fcnl\u00fck s\u00fcre i\u00e7erisinde mal\u0131 iade almakla y\u00fck\u00fcml\u00fcd\u00fcr.<\/p><p>19. ALICI\u2019 n\u0131n kusurundan kaynaklanan bir nedenle mal\u0131n de\u011ferinde bir azalma olursa veya iade imk\u00e2ns\u0131zla\u015f\u0131rsa ALICI kusuru oran\u0131nda SATICI\u2019 n\u0131n zararlar\u0131n\u0131 tazmin etmekle y\u00fck\u00fcml\u00fcd\u00fcr. Ancak cayma hakk\u0131 s\u00fcresi i\u00e7inde mal\u0131n veya \u00fcr\u00fcn\u00fcn usul\u00fcne uygun kullan\u0131lmas\u0131 sebebiyle meydana gelen de\u011fi\u015fiklik ve bozulmalardan ALICI sorumlu de\u011fildir.\u00a0<\/p><p>20. Cayma hakk\u0131n\u0131n kullan\u0131lmas\u0131 nedeniyle SATICI taraf\u0131ndan d\u00fczenlenen kampanya limit tutar\u0131n\u0131n alt\u0131na d\u00fc\u015f\u00fclmesi halinde kampanya kapsam\u0131nda faydalan\u0131lan indirim miktar\u0131 iptal edilir.<\/p><p><strong>CAYMA HAKKI KULLANILAMAYACAK \u00dcR\u00dcNLER:\u00a0<\/strong><\/p><p>21. ALICI\u2019n\u0131n iste\u011fi veya a\u00e7\u0131k\u00e7a ki\u015fisel ihtiya\u00e7lar\u0131 do\u011frultusunda haz\u0131rlanan ve geri g\u00f6nderilmeye m\u00fcsait olmayan, i\u00e7 giyim alt par\u00e7alar\u0131, mayo ve bikini altlar\u0131, makyaj malzemeleri, tek kullan\u0131ml\u0131k \u00fcr\u00fcnler, \u00e7abuk bozulma tehlikesi olan veya son kullanma tarihi ge\u00e7me ihtimali olan mallar, ALICI\u2019ya teslim edilmesinin ard\u0131ndan ALICI taraf\u0131ndan ambalaj\u0131 a\u00e7\u0131ld\u0131\u011f\u0131 takdirde iade edilmesi sa\u011fl\u0131k ve hijyen a\u00e7\u0131s\u0131ndan uygun olmayan \u00fcr\u00fcnler, teslim edildikten sonra ba\u015fka \u00fcr\u00fcnlerle kar\u0131\u015fan ve do\u011fas\u0131 gere\u011fi ayr\u0131\u015ft\u0131r\u0131lmas\u0131 m\u00fcmk\u00fcn olmayan \u00fcr\u00fcnler, Abonelik s\u00f6zle\u015fmesi kapsam\u0131nda sa\u011flananlar d\u0131\u015f\u0131nda, gazete ve dergi gibi s\u00fcreli yay\u0131nlara ili\u015fkin mallar, Elektronik ortamda an\u0131nda ifa edilen hizmetler veya t\u00fcketiciye an\u0131nda teslim edilen gayrimaddi mallar, ile ses veya g\u00f6r\u00fcnt\u00fc kay\u0131tlar\u0131n\u0131n, kitap, dijital i\u00e7erik, yaz\u0131l\u0131m programlar\u0131n\u0131n, veri kaydedebilme ve veri depolama cihazlar\u0131n\u0131n, bilgisayar sarf malzemelerinin, ambalaj\u0131n\u0131n ALICI taraf\u0131ndan a\u00e7\u0131lm\u0131\u015f olmas\u0131 halinde iadesi Y\u00f6netmelik gere\u011fi m\u00fcmk\u00fcn de\u011fildir. Ayr\u0131ca Cayma hakk\u0131 s\u00fcresi sona ermeden \u00f6nce, t\u00fcketicinin onay\u0131 ile ifas\u0131na ba\u015flanan hizmetlere ili\u015fkin cayma hakk\u0131n\u0131n kullan\u0131lmas\u0131 da Y\u00f6netmelik gere\u011fi m\u00fcmk\u00fcn de\u011fildir.<\/p><p>22. Kozmetik ve ki\u015fisel bak\u0131m \u00fcr\u00fcnleri, i\u00e7 giyim \u00fcr\u00fcnleri, mayo, bikini, kitap, kopyalanabilir yaz\u0131l\u0131m ve programlar, DVD, VCD, CD ve kasetler ile k\u0131rtasiye sarf malzemeleri (toner, kartu\u015f, \u015ferit vb.) iade edilebilmesi i\u00e7in ambalajlar\u0131n\u0131n a\u00e7\u0131lmam\u0131\u015f, denenmemi\u015f, bozulmam\u0131\u015f ve kullan\u0131lmam\u0131\u015f olmalar\u0131 gerekir.\u00a0<\/p><p><strong>TEMERR\u00dcT HAL\u0130 VE HUKUK\u0130 SONU\u00c7LARI<\/strong><\/p><p>23.ALICI, \u00f6deme i\u015flemlerini\u00a0 kredi kart\u0131 ile yapt\u0131\u011f\u0131 durumda temerr\u00fcde d\u00fc\u015ft\u00fc\u011f\u00fc takdirde, kart sahibi banka ile aras\u0131ndaki kredi kart\u0131 s\u00f6zle\u015fmesi \u00e7er\u00e7evesinde faiz \u00f6deyece\u011fini ve bankaya kar\u015f\u0131 sorumlu olaca\u011f\u0131n\u0131 kabul, beyan ve taahh\u00fct eder. Bu durumda ilgili banka hukuki yollara ba\u015fvurabilir; do\u011facak masraflar\u0131 ve vek\u00e2let \u00fccretini ALICI\u2019dan talep edebilir ve her ko\u015fulda ALICI\u2019n\u0131n borcundan dolay\u0131 temerr\u00fcde d\u00fc\u015fmesi halinde, ALICI, borcun gecikmeli ifas\u0131ndan dolay\u0131 SATICI\u2019n\u0131n u\u011frad\u0131\u011f\u0131 zarar ve ziyan\u0131n\u0131 \u00f6deyece\u011fini kabul eder.\u00a0<\/p><p><strong>\u00d6DEME VE TESL\u0130MAT<\/strong><\/p><p>24. Banka Havalesi veya EFT (Elektronik Fon Transferi) yaparak, \u2026\u2026\u2026\u2026, \u2026\u2026\u2026, bankas\u0131 hesaplar\u0131m\u0131zdan (TL) herhangi birine yapabilirsiniz.<\/p><p>25. Sitemiz \u00fczerinden kredi kartlar\u0131n\u0131z ile, Her t\u00fcrl\u00fc kredi kart\u0131n\u0131za online tek \u00f6deme ya da online taksit imk\u00e2nlar\u0131ndan yararlanabilirsiniz. Online \u00f6demelerinizde sipari\u015finiz sonunda kredi kart\u0131n\u0131zdan tutar \u00e7ekim i\u015flemi ger\u00e7ekle\u015fecektir.<\/p>\t\t\t\t\t\t\t\t<\/div>\n\t\t\t\t<\/div>\n\t\t\t\t\t<\/div>\n\t\t<\/div>\n\t\t\t\t\t<\/div>\n\t\t<\/section>\n\t\t\t\t<\/div>","protected":false},"excerpt":{"rendered":"<p>\u0130ADE KO\u015eULLARI CAYMA HAKKININ S\u00dcRES\u0130: 13. Al\u0131c\u0131, sat\u0131n ald\u0131\u011f\u0131 e\u011fer bir hizmet\u00a0 ise, bu 14 g\u00fcnl\u00fck s\u00fcre s\u00f6zle\u015fmenin imzaland\u0131\u011f\u0131 tarihten itibaren ba\u015flar. Cayma hakk\u0131 s\u00fcresi sona ermeden \u00f6nce, t\u00fcketicinin onay\u0131&hellip;<\/p>","protected":false},"author":1,"featured_media":0,"parent":0,"menu_order":0,"comment_status":"closed","ping_status":"closed","template":"","meta":{"footnotes":""},"class_list":["post-20971","page","type-page","status-publish","hentry"],"_links":{"self":[{"href":"https:\/\/aselelaletleri.com\/en\/wp-json\/wp\/v2\/pages\/20971","targetHints":{"allow":["GET"]}}],"collection":[{"href":"https:\/\/aselelaletleri.com\/en\/wp-json\/wp\/v2\/pages"}],"about":[{"href":"https:\/\/aselelaletleri.com\/en\/wp-json\/wp\/v2\/types\/page"}],"author":[{"embeddable":true,"href":"https:\/\/aselelaletleri.com\/en\/wp-json\/wp\/v2\/users\/1"}],"replies":[{"embeddable":true,"href":"https:\/\/aselelaletleri.com\/en\/wp-json\/wp\/v2\/comments?post=20971"}],"version-history":[{"count":4,"href":"https:\/\/aselelaletleri.com\/en\/wp-json\/wp\/v2\/pages\/20971\/revisions"}],"predecessor-version":[{"id":20975,"href":"https:\/\/aselelaletleri.com\/en\/wp-json\/wp\/v2\/pages\/20971\/revisions\/20975"}],"wp:attachment":[{"href":"https:\/\/aselelaletleri.com\/en\/wp-json\/wp\/v2\/media?parent=20971"}],"curies":[{"name":"wp","href":"https:\/\/api.w.org\/{rel}","templated":true}]}}