{"id":20747,"date":"2026-02-22T21:18:20","date_gmt":"2026-02-22T18:18:20","guid":{"rendered":"https:\/\/aselelaletleri.com\/?post_type=product&#038;p=20747"},"modified":"2026-03-07T20:47:48","modified_gmt":"2026-03-07T17:47:48","slug":"asht-40512","status":"publish","type":"product","link":"https:\/\/aselelaletleri.com\/en\/product\/asht-40512\/","title":{"rendered":"ASHT \u2013 40512"},"content":{"rendered":"<p><span style=\"font-weight: 400;\">G\u00fcc\u00fcn\u00fc g\u00fc\u00e7lendirilmi\u015f \u00e7elikten imal edilen motorundan, fiber kanatlar\u0131ndan ve kompozit g\u00f6vde yap\u0131s\u0131ndan alan ASEL haval\u0131 somun s\u00f6kmeler, ergonomik g\u00f6vde yap\u0131s\u0131 ve hafifli\u011fi ile her t\u00fcrl\u00fc s\u0131kma ve s\u00f6kme i\u015flerinde en b\u00fcy\u00fck yard\u0131mc\u0131n\u0131z olacakt\u0131r.<\/span><\/p>","protected":false},"excerpt":{"rendered":"<div id=\"tab-additional_information\" class=\"woocommerce-Tabs-panel woocommerce-Tabs-panel--additional_information panel entry-content wc-tab\" style=\"display: block;\" role=\"tabpanel\" aria-labelledby=\"tab-title-additional_information\">\n<table class=\"woocommerce-product-attributes shop_attributes\" aria-label=\"\u00dcr\u00fcn Ayr\u0131nt\u0131lar\u0131\">\n<tbody>\n<tr class=\"woocommerce-product-attributes-item woocommerce-product-attributes-item--attribute_%c3%a7eki%c3%a7\">\n<th class=\"woocommerce-product-attributes-item__label\" scope=\"row\" style=\"font-size:12px;\">\u00c7eki\u00e7<\/th>\n<td class=\"woocommerce-product-attributes-item__value\" style=\"font-size:12px;\">\u00c7ift \u00c7eki\u00e7<\/td>\n<\/tr>\n<tr class=\"woocommerce-product-attributes-item woocommerce-product-attributes-item--attribute_uzunluk\">\n<th class=\"woocommerce-product-attributes-item__label\" scope=\"row\" style=\"font-size:12px;\">Uzunluk<\/th>\n<td class=\"woocommerce-product-attributes-item__value\" style=\"font-size:12px;\">167MM<\/td>\n<\/tr>\n<tr class=\"woocommerce-product-attributes-item woocommerce-product-attributes-item--attribute_civata-%c3%a7ap%c4%b1\">\n<th class=\"woocommerce-product-attributes-item__label\" scope=\"row\" style=\"font-size:12px;\">Civata \u00c7ap\u0131<\/th>\n<td class=\"woocommerce-product-attributes-item__value\" style=\"font-size:12px;\">19MM<\/td>\n<\/tr>\n<tr class=\"woocommerce-product-attributes-item woocommerce-product-attributes-item--attribute_soket-karesi\">\n<th class=\"woocommerce-product-attributes-item__label\" scope=\"row\" style=\"font-size:12px;\">Soket Karesi<\/th>\n<td class=\"woocommerce-product-attributes-item__value\" style=\"font-size:12px;\">1\/2 \u0130N\u00c7<\/td>\n<\/tr>\n<tr class=\"woocommerce-product-attributes-item woocommerce-product-attributes-item--attribute_maksimum-tork\">\n<th class=\"woocommerce-product-attributes-item__label\" scope=\"row\" style=\"font-size:12px;\">Maksimum Tork<\/th>\n<td class=\"woocommerce-product-attributes-item__value\" style=\"font-size:12px;\">1750 Nm.<\/td>\n<\/tr>\n<tr class=\"woocommerce-product-attributes-item woocommerce-product-attributes-item--attribute_bo%c5%9fta-devir\">\n<th class=\"woocommerce-product-attributes-item__label\" scope=\"row\" style=\"font-size:12px;\">Bo\u015fta Devir<\/th>\n<td class=\"woocommerce-product-attributes-item__value\" style=\"font-size:12px;\">7250 r.p.m<\/td>\n<\/tr>\n<tr class=\"woocommerce-product-attributes-item woocommerce-product-attributes-item--attribute_hortum-%c3%a7ap%c4%b1\">\n<th class=\"woocommerce-product-attributes-item__label\" scope=\"row\" style=\"font-size:12px;\">Hortum \u00c7ap\u0131<\/th>\n<td class=\"woocommerce-product-attributes-item__value\" style=\"font-size:12px;\">10 mm<\/td>\n<\/tr>\n<tr class=\"woocommerce-product-attributes-item woocommerce-product-attributes-item--attribute_hava-giri%c5%9f-ni%cc%87peli\">\n<th class=\"woocommerce-product-attributes-item__label\" scope=\"row\" style=\"font-size:12px;\">Hava Giri\u015f N\u0130peli<\/th>\n<td class=\"woocommerce-product-attributes-item__value\" style=\"font-size:12px;\">1\/4 in\u00e7<\/td>\n<\/tr>\n<tr class=\"woocommerce-product-attributes-item woocommerce-product-attributes-item--attribute_hava-t%c3%bcketimi\">\n<th class=\"woocommerce-product-attributes-item__label\" scope=\"row\" style=\"font-size:12px;\">Hava T\u00fcketimi<\/th>\n<td class=\"woocommerce-product-attributes-item__value\" style=\"font-size:12px;\">180 lt\/dk<\/td>\n<\/tr>\n<tr class=\"woocommerce-product-attributes-item woocommerce-product-attributes-item--attribute_%c3%a7al%c4%b1%c5%9fma-bas%c4%b1nc%c4%b1\">\n<th class=\"woocommerce-product-attributes-item__label\" scope=\"row\" style=\"font-size:12px;\">\u00c7al\u0131\u015fma Bas\u0131nc\u0131<\/th>\n<td class=\"woocommerce-product-attributes-item__value\" style=\"font-size:12px;\">90-115 psi (6,5-8 Bar)<\/td>\n<\/tr>\n<tr class=\"woocommerce-product-attributes-item woocommerce-product-attributes-item--attribute_a%c4%9f%c4%b1rl%c4%b1k\">\n<th class=\"woocommerce-product-attributes-item__label\" scope=\"row\" style=\"font-size:12px;\">A\u011f\u0131rl\u0131k<\/th>\n<td class=\"woocommerce-product-attributes-item__value\" style=\"font-size:12px;\">2,07 kg<\/td>\n<\/tr>\n<tr class=\"woocommerce-product-attributes-item woocommerce-product-attributes-item--attribute_ses-bas%c4%b1n%c3%a7-seviyesi-lp-a\">\n<th class=\"woocommerce-product-attributes-item__label\" scope=\"row\" style=\"font-size:12px;\">Ses Bas\u0131n\u00e7 Seviyesi Lp A<\/th>\n<td class=\"woocommerce-product-attributes-item__value\" style=\"font-size:12px;\">87 db(A)<\/td>\n<\/tr>\n<tr class=\"woocommerce-product-attributes-item woocommerce-product-attributes-item--attribute_ses-g%c3%bc%c3%a7-seviyesi-lpw\">\n<th class=\"woocommerce-product-attributes-item__label\" scope=\"row\" style=\"font-size:12px;\">Ses G\u00fc\u00e7 Seviyesi LpW<\/th>\n<td class=\"woocommerce-product-attributes-item__value\" style=\"font-size:12px;\">102 db (A)<\/td>\n<\/tr>\n<tr class=\"woocommerce-product-attributes-item woocommerce-product-attributes-item--attribute_titre%c5%9fim\">\n<th class=\"woocommerce-product-attributes-item__label\" scope=\"row\" style=\"font-size:12px;\">Titre\u015fim<\/th>\n<td class=\"woocommerce-product-attributes-item__value\" style=\"font-size:12px;\">2,67 m\/sn\u00b2<\/td>\n<\/tr>\n<\/tbody>\n<\/table>\n<p><a href=\"https:\/\/aselelaletleri.com\/KULLANMAKLAVUZU\/ASHT-40512.pdf\" target=\"_blank\" rel=\"noopener\"><img decoding=\"async\" class=\"alignnone wp-image-20752 size-full\" src=\"https:\/\/aselelaletleri.com\/wp-content\/uploads\/2026\/02\/405Buton.png\" alt=\"\" width=\"349\" height=\"78\" \/><\/a><\/p>\n<\/div>","protected":false},"featured_media":21156,"comment_status":"closed","ping_status":"closed","template":"","meta":[],"product_brand":[],"product_cat":[73],"product_tag":[],"class_list":{"0":"post-20747","1":"product","2":"type-product","3":"status-publish","4":"has-post-thumbnail","6":"product_cat-urunler","8":"first","9":"instock","10":"shipping-taxable","11":"product-type-simple"},"_links":{"self":[{"href":"https:\/\/aselelaletleri.com\/en\/wp-json\/wp\/v2\/product\/20747","targetHints":{"allow":["GET"]}}],"collection":[{"href":"https:\/\/aselelaletleri.com\/en\/wp-json\/wp\/v2\/product"}],"about":[{"href":"https:\/\/aselelaletleri.com\/en\/wp-json\/wp\/v2\/types\/product"}],"replies":[{"embeddable":true,"href":"https:\/\/aselelaletleri.com\/en\/wp-json\/wp\/v2\/comments?post=20747"}],"wp:featuredmedia":[{"embeddable":true,"href":"https:\/\/aselelaletleri.com\/en\/wp-json\/wp\/v2\/media\/21156"}],"wp:attachment":[{"href":"https:\/\/aselelaletleri.com\/en\/wp-json\/wp\/v2\/media?parent=20747"}],"wp:term":[{"taxonomy":"product_brand","embeddable":true,"href":"https:\/\/aselelaletleri.com\/en\/wp-json\/wp\/v2\/product_brand?post=20747"},{"taxonomy":"product_cat","embeddable":true,"href":"https:\/\/aselelaletleri.com\/en\/wp-json\/wp\/v2\/product_cat?post=20747"},{"taxonomy":"product_tag","embeddable":true,"href":"https:\/\/aselelaletleri.com\/en\/wp-json\/wp\/v2\/product_tag?post=20747"}],"curies":[{"name":"wp","href":"https:\/\/api.w.org\/{rel}","templated":true}]}}