{"id":2382,"date":"2020-05-12T12:21:00","date_gmt":"2020-05-12T12:21:00","guid":{"rendered":"https:\/\/aselelaletleri.com\/?post_type=product&#038;p=2382"},"modified":"2026-03-07T20:48:49","modified_gmt":"2026-03-07T17:48:49","slug":"asht-40412","status":"publish","type":"product","link":"https:\/\/aselelaletleri.com\/en\/product\/asht-40412\/","title":{"rendered":"ASHT \u2013 40412"},"content":{"rendered":"<p><span style=\"font-weight: 400;\">Geli\u015ftirilmi\u015f motor teknolojisi ile s\u0131n\u0131f\u0131n\u0131n en sessizi olma\u00a0 \u00f6zelli\u011fini elinde bulunduran\u00a0 ASEL\u00a0 t\u00fcm s\u0131kma ve s\u00f6kme i\u015flerinizde en b\u00fcy\u00fck yard\u0131mc\u0131n\u0131z olacakt\u0131r.<\/span><\/p>","protected":false},"excerpt":{"rendered":"<div id=\"tab-additional_information\" class=\"woocommerce-Tabs-panel woocommerce-Tabs-panel--additional_information panel entry-content wc-tab\" style=\"display: block;\" role=\"tabpanel\" aria-labelledby=\"tab-title-additional_information\">\n<table class=\"woocommerce-product-attributes shop_attributes\" aria-label=\"\u00dcr\u00fcn Ayr\u0131nt\u0131lar\u0131\">\n<tbody>\n<tr class=\"woocommerce-product-attributes-item woocommerce-product-attributes-item--attribute_%c3%a7eki%c3%a7\">\n<th class=\"woocommerce-product-attributes-item__label\" scope=\"row\" style=\"font-size:12px;\">\u00c7eki\u00e7<\/th>\n<td class=\"woocommerce-product-attributes-item__value\" style=\"font-size:12px;\">\u00c7ift \u00c7eki\u00e7<\/td>\n<\/tr>\n<tr class=\"woocommerce-product-attributes-item woocommerce-product-attributes-item--attribute_uzunluk\">\n<th class=\"woocommerce-product-attributes-item__label\" scope=\"row\" style=\"font-size:12px;\">Uzunluk<\/th>\n<td class=\"woocommerce-product-attributes-item__value\" style=\"font-size:12px;\">146MM<\/td>\n<\/tr>\n<tr class=\"woocommerce-product-attributes-item woocommerce-product-attributes-item--attribute_civata-%c3%a7ap%c4%b1\">\n<th class=\"woocommerce-product-attributes-item__label\" scope=\"row\" style=\"font-size:12px;\">Civata \u00c7ap\u0131<\/th>\n<td class=\"woocommerce-product-attributes-item__value\" style=\"font-size:12px;\">17MM<\/td>\n<\/tr>\n<tr class=\"woocommerce-product-attributes-item woocommerce-product-attributes-item--attribute_soket-karesi\">\n<th class=\"woocommerce-product-attributes-item__label\" scope=\"row\" style=\"font-size:12px;\">Soket Karesi<\/th>\n<td class=\"woocommerce-product-attributes-item__value\" style=\"font-size:12px;\">1\/2 \u0130N\u00c7<\/td>\n<\/tr>\n<tr class=\"woocommerce-product-attributes-item woocommerce-product-attributes-item--attribute_maksimum-tork\">\n<th class=\"woocommerce-product-attributes-item__label\" scope=\"row\" style=\"font-size:12px;\">Maksimum Tork<\/th>\n<td class=\"woocommerce-product-attributes-item__value\" style=\"font-size:12px;\">1250 Nm.<\/td>\n<\/tr>\n<tr class=\"woocommerce-product-attributes-item woocommerce-product-attributes-item--attribute_bo%c5%9fta-devir\">\n<th class=\"woocommerce-product-attributes-item__label\" scope=\"row\" style=\"font-size:12px;\">Bo\u015fta Devir<\/th>\n<td class=\"woocommerce-product-attributes-item__value\" style=\"font-size:12px;\">5500 r.p.m<\/td>\n<\/tr>\n<tr class=\"woocommerce-product-attributes-item woocommerce-product-attributes-item--attribute_hortum-%c3%a7ap%c4%b1\">\n<th class=\"woocommerce-product-attributes-item__label\" scope=\"row\" style=\"font-size:12px;\">Hortum \u00c7ap\u0131<\/th>\n<td class=\"woocommerce-product-attributes-item__value\" style=\"font-size:12px;\">10 mm<\/td>\n<\/tr>\n<tr class=\"woocommerce-product-attributes-item woocommerce-product-attributes-item--attribute_hava-giri%c5%9f-ni%cc%87peli\">\n<th class=\"woocommerce-product-attributes-item__label\" scope=\"row\" style=\"font-size:12px;\">Hava Giri\u015f N\u0130peli<\/th>\n<td class=\"woocommerce-product-attributes-item__value\" style=\"font-size:12px;\">1\/4 in\u00e7<\/td>\n<\/tr>\n<tr class=\"woocommerce-product-attributes-item woocommerce-product-attributes-item--attribute_hava-t%c3%bcketimi\">\n<th class=\"woocommerce-product-attributes-item__label\" scope=\"row\" style=\"font-size:12px;\">Hava T\u00fcketimi<\/th>\n<td class=\"woocommerce-product-attributes-item__value\" style=\"font-size:12px;\">160 lt\/dk<\/td>\n<\/tr>\n<tr class=\"woocommerce-product-attributes-item woocommerce-product-attributes-item--attribute_%c3%a7al%c4%b1%c5%9fma-bas%c4%b1nc%c4%b1\">\n<th class=\"woocommerce-product-attributes-item__label\" scope=\"row\" style=\"font-size:12px;\">\u00c7al\u0131\u015fma Bas\u0131nc\u0131<\/th>\n<td class=\"woocommerce-product-attributes-item__value\" style=\"font-size:12px;\">90-115 psi (6,5-8 Bar)<\/td>\n<\/tr>\n<tr class=\"woocommerce-product-attributes-item woocommerce-product-attributes-item--attribute_a%c4%9f%c4%b1rl%c4%b1k\">\n<th class=\"woocommerce-product-attributes-item__label\" scope=\"row\" style=\"font-size:12px;\">A\u011f\u0131rl\u0131k<\/th>\n<td class=\"woocommerce-product-attributes-item__value\" style=\"font-size:12px;\">1,78kg<\/td>\n<\/tr>\n<tr class=\"woocommerce-product-attributes-item woocommerce-product-attributes-item--attribute_ses-bas%c4%b1n%c3%a7-seviyesi-lp-a\">\n<th class=\"woocommerce-product-attributes-item__label\" scope=\"row\" style=\"font-size:12px;\">Ses Bas\u0131n\u00e7 Seviyesi Lp A<\/th>\n<td class=\"woocommerce-product-attributes-item__value\" style=\"font-size:12px;\">72,7 db(A)<\/td>\n<\/tr>\n<tr class=\"woocommerce-product-attributes-item woocommerce-product-attributes-item--attribute_ses-g%c3%bc%c3%a7-seviyesi-lpw\">\n<th class=\"woocommerce-product-attributes-item__label\" scope=\"row\" style=\"font-size:12px;\">Ses G\u00fc\u00e7 Seviyesi LpW<\/th>\n<td class=\"woocommerce-product-attributes-item__value\" style=\"font-size:12px;\">75,7 db (A)<\/td>\n<\/tr>\n<tr class=\"woocommerce-product-attributes-item woocommerce-product-attributes-item--attribute_titre%c5%9fim\">\n<th class=\"woocommerce-product-attributes-item__label\" scope=\"row\" style=\"font-size:12px;\">Titre\u015fim<\/th>\n<td class=\"woocommerce-product-attributes-item__value\" style=\"font-size:12px;\">2,49 m\/sn\u00b2<\/td>\n<\/tr>\n<\/tbody>\n<\/table>\n<p><a href=\"https:\/\/aselelaletleri.com\/KULLANMAKLAVUZU\/ASHT-40412.pdf\" target=\"_blank\" rel=\"noopener\"><img decoding=\"async\" class=\"alignnone size-full wp-image-20743\" src=\"https:\/\/aselelaletleri.com\/wp-content\/uploads\/2020\/05\/404Buton.png\" alt=\"\" width=\"349\" height=\"78\" \/><\/a><\/p>\n<\/div>","protected":false},"featured_media":21157,"comment_status":"closed","ping_status":"closed","template":"","meta":[],"product_brand":[],"product_cat":[73],"product_tag":[],"class_list":{"0":"post-2382","1":"product","2":"type-product","3":"status-publish","4":"has-post-thumbnail","6":"product_cat-urunler","8":"first","9":"instock","10":"shipping-taxable","11":"product-type-simple"},"_links":{"self":[{"href":"https:\/\/aselelaletleri.com\/en\/wp-json\/wp\/v2\/product\/2382","targetHints":{"allow":["GET"]}}],"collection":[{"href":"https:\/\/aselelaletleri.com\/en\/wp-json\/wp\/v2\/product"}],"about":[{"href":"https:\/\/aselelaletleri.com\/en\/wp-json\/wp\/v2\/types\/product"}],"replies":[{"embeddable":true,"href":"https:\/\/aselelaletleri.com\/en\/wp-json\/wp\/v2\/comments?post=2382"}],"wp:featuredmedia":[{"embeddable":true,"href":"https:\/\/aselelaletleri.com\/en\/wp-json\/wp\/v2\/media\/21157"}],"wp:attachment":[{"href":"https:\/\/aselelaletleri.com\/en\/wp-json\/wp\/v2\/media?parent=2382"}],"wp:term":[{"taxonomy":"product_brand","embeddable":true,"href":"https:\/\/aselelaletleri.com\/en\/wp-json\/wp\/v2\/product_brand?post=2382"},{"taxonomy":"product_cat","embeddable":true,"href":"https:\/\/aselelaletleri.com\/en\/wp-json\/wp\/v2\/product_cat?post=2382"},{"taxonomy":"product_tag","embeddable":true,"href":"https:\/\/aselelaletleri.com\/en\/wp-json\/wp\/v2\/product_tag?post=2382"}],"curies":[{"name":"wp","href":"https:\/\/api.w.org\/{rel}","templated":true}]}}